{"id":22,"date":"2020-10-08T14:10:48","date_gmt":"2020-10-08T12:10:48","guid":{"rendered":"https:\/\/sklep.centrumzdrowegowlosa.pl\/blog\/?page_id=22"},"modified":"2023-01-07T12:31:58","modified_gmt":"2023-01-07T11:31:58","slug":"blog","status":"publish","type":"page","link":"https:\/\/sklep.centrumzdrowegowlosa.pl\/blog\/","title":{"rendered":"Blog"},"content":{"rendered":"","protected":false},"excerpt":{"rendered":"","protected":false},"author":1,"featured_media":0,"parent":0,"menu_order":0,"comment_status":"closed","ping_status":"closed","template":"blog-template.php","meta":[],"yoast_head":"<!-- This site is optimized with the Yoast SEO plugin v15.0 - https:\/\/yoast.com\/wordpress\/plugins\/seo\/ -->\n<title>Porady trychologa - Problemy sk\u00f3ry g\u0142owy i w\u0142os\u00f3w | Blog Centrum Zdrowego W\u0142osa<\/title>\n<meta name=\"description\" content=\"Dowiedz si\u0119 wi\u0119cej na temat problem\u00f3w sk\u00f3ry g\u0142owy i w\u0142os\u00f3w. Skorzystaj z porad trychologa i odmie\u0144 wygl\u0105d swoich w\u0142os\u00f3w dzi\u0119ki odpowiedniej piel\u0119gnacji.\" \/>\n<meta name=\"robots\" content=\"index, follow, max-snippet:-1, max-image-preview:large, max-video-preview:-1\" \/>\n<link rel=\"canonical\" href=\"https:\/\/sklep.centrumzdrowegowlosa.pl\/blog\/\" \/>\n<meta property=\"og:locale\" content=\"pl_PL\" \/>\n<meta property=\"og:type\" content=\"article\" \/>\n<meta property=\"og:title\" content=\"Porady trychologa - Problemy sk\u00f3ry g\u0142owy i w\u0142os\u00f3w | Blog Centrum Zdrowego W\u0142osa\" \/>\n<meta property=\"og:description\" content=\"Dowiedz si\u0119 wi\u0119cej na temat problem\u00f3w sk\u00f3ry g\u0142owy i w\u0142os\u00f3w. Skorzystaj z porad trychologa i odmie\u0144 wygl\u0105d swoich w\u0142os\u00f3w dzi\u0119ki odpowiedniej piel\u0119gnacji.\" \/>\n<meta property=\"og:url\" content=\"https:\/\/sklep.centrumzdrowegowlosa.pl\/blog\/\" \/>\n<meta property=\"article:modified_time\" content=\"2023-01-07T11:31:58+00:00\" \/>\n<meta name=\"twitter:card\" content=\"summary_large_image\" \/>\n<script type=\"application\/ld+json\" class=\"yoast-schema-graph\">{\"@context\":\"https:\/\/schema.org\",\"@graph\":[{\"@type\":\"WebSite\",\"@id\":\"https:\/\/sklep.centrumzdrowegowlosa.pl\/blog\/#website\",\"url\":\"https:\/\/sklep.centrumzdrowegowlosa.pl\/blog\/\",\"name\":\"\",\"description\":\"Kolejna witryna oparta na WordPressie\",\"potentialAction\":[{\"@type\":\"SearchAction\",\"target\":\"https:\/\/sklep.centrumzdrowegowlosa.pl\/blog\/?s={search_term_string}\",\"query-input\":\"required name=search_term_string\"}],\"inLanguage\":\"pl-PL\"},{\"@type\":\"WebPage\",\"@id\":\"https:\/\/sklep.centrumzdrowegowlosa.pl\/blog\/#webpage\",\"url\":\"https:\/\/sklep.centrumzdrowegowlosa.pl\/blog\/\",\"name\":\"Porady trychologa - Problemy sk\\u00f3ry g\\u0142owy i w\\u0142os\\u00f3w | Blog Centrum Zdrowego W\\u0142osa\",\"isPartOf\":{\"@id\":\"https:\/\/sklep.centrumzdrowegowlosa.pl\/blog\/#website\"},\"datePublished\":\"2020-10-08T12:10:48+00:00\",\"dateModified\":\"2023-01-07T11:31:58+00:00\",\"description\":\"Dowiedz si\\u0119 wi\\u0119cej na temat problem\\u00f3w sk\\u00f3ry g\\u0142owy i w\\u0142os\\u00f3w. Skorzystaj z porad trychologa i odmie\\u0144 wygl\\u0105d swoich w\\u0142os\\u00f3w dzi\\u0119ki odpowiedniej piel\\u0119gnacji.\",\"inLanguage\":\"pl-PL\",\"potentialAction\":[{\"@type\":\"ReadAction\",\"target\":[\"https:\/\/sklep.centrumzdrowegowlosa.pl\/blog\/\"]}]}]}<\/script>\n<!-- \/ Yoast SEO plugin. -->","_links":{"self":[{"href":"https:\/\/sklep.centrumzdrowegowlosa.pl\/blog\/wp-json\/wp\/v2\/pages\/22"}],"collection":[{"href":"https:\/\/sklep.centrumzdrowegowlosa.pl\/blog\/wp-json\/wp\/v2\/pages"}],"about":[{"href":"https:\/\/sklep.centrumzdrowegowlosa.pl\/blog\/wp-json\/wp\/v2\/types\/page"}],"author":[{"embeddable":true,"href":"https:\/\/sklep.centrumzdrowegowlosa.pl\/blog\/wp-json\/wp\/v2\/users\/1"}],"replies":[{"embeddable":true,"href":"https:\/\/sklep.centrumzdrowegowlosa.pl\/blog\/wp-json\/wp\/v2\/comments?post=22"}],"version-history":[{"count":2,"href":"https:\/\/sklep.centrumzdrowegowlosa.pl\/blog\/wp-json\/wp\/v2\/pages\/22\/revisions"}],"predecessor-version":[{"id":116,"href":"https:\/\/sklep.centrumzdrowegowlosa.pl\/blog\/wp-json\/wp\/v2\/pages\/22\/revisions\/116"}],"wp:attachment":[{"href":"https:\/\/sklep.centrumzdrowegowlosa.pl\/blog\/wp-json\/wp\/v2\/media?parent=22"}],"curies":[{"name":"wp","href":"https:\/\/api.w.org\/{rel}","templated":true}]}}